{"id":3531,"date":"2023-01-16T17:40:09","date_gmt":"2023-01-16T14:40:09","guid":{"rendered":"https:\/\/drgoksel.co.uk\/?page_id=3531"},"modified":"2026-03-25T21:16:23","modified_gmt":"2026-03-25T18:16:23","slug":"vip-service","status":"publish","type":"page","link":"https:\/\/drgoksel.com\/eng\/vip-service\/","title":{"rendered":"VIP SERVICE"},"content":{"rendered":"\t\t<div data-elementor-type=\"wp-page\" data-elementor-id=\"3531\" class=\"elementor elementor-3531\">\n\t\t\t\t\t\t<section class=\"elementor-section elementor-top-section elementor-element elementor-element-deb0c71 elementor-section-full_width elementor-section-height-full elementor-section-content-middle elementor-section-height-default elementor-section-items-middle\" data-id=\"deb0c71\" data-element_type=\"section\" data-e-type=\"section\" data-settings=\"{&quot;background_background&quot;:&quot;video&quot;,&quot;background_video_link&quot;:&quot;https:\\\/\\\/drgoksel.co.uk\\\/wp-content\\\/uploads\\\/2023\\\/01\\\/Istanbul footage_websitesi.mp4&quot;,&quot;background_play_on_mobile&quot;:&quot;yes&quot;}\">\n\t\t\t\t\t\t\t\t<div class=\"elementor-background-video-container\">\n\t\t\t\t\t\t\t\t\t\t\t\t\t<video class=\"elementor-background-video-hosted\" role=\"presentation\" autoplay muted playsinline loop><\/video>\n\t\t\t\t\t\t\t\t\t\t\t<\/div>\n\t\t\t\t\t\t\t\t\t<div class=\"elementor-background-overlay\"><\/div>\n\t\t\t\t\t\t\t<div class=\"elementor-container elementor-column-gap-default\">\n\t\t\t\t\t<div class=\"aux-parallax-section elementor-column elementor-col-100 elementor-top-column elementor-element elementor-element-44ee220\" data-id=\"44ee220\" data-element_type=\"column\" data-e-type=\"column\">\n\t\t\t<div class=\"elementor-widget-wrap\">\n\t\t\t\t\t\t\t<\/div>\n\t\t<\/div>\n\t\t\t\t\t<\/div>\n\t\t<\/section>\n\t\t\t\t<section class=\"elementor-section elementor-top-section elementor-element elementor-element-9565d6b elementor-section-content-middle elementor-section-boxed elementor-section-height-default elementor-section-height-default\" data-id=\"9565d6b\" data-element_type=\"section\" data-e-type=\"section\">\n\t\t\t\t\t\t\t<div class=\"elementor-background-overlay\"><\/div>\n\t\t\t\t\t\t\t<div class=\"elementor-container elementor-column-gap-no\">\n\t\t\t\t\t<div class=\"aux-parallax-section elementor-column elementor-col-100 elementor-top-column elementor-element elementor-element-a584909\" data-id=\"a584909\" data-element_type=\"column\" data-e-type=\"column\" data-settings=\"{&quot;background_background&quot;:&quot;classic&quot;}\">\n\t\t\t<div class=\"elementor-widget-wrap elementor-element-populated\">\n\t\t\t\t\t\t<div class=\"elementor-element elementor-element-9771ecb elementor-widget elementor-widget-heading\" data-id=\"9771ecb\" data-element_type=\"widget\" data-e-type=\"widget\" data-widget_type=\"heading.default\">\n\t\t\t\t<div class=\"elementor-widget-container\">\n\t\t\t\t\t<h2 class=\"elementor-heading-title elementor-size-default\">VIP SERVICE AND PROCESS WITH DR.GOKSEL<\/h2>\t\t\t\t<\/div>\n\t\t\t\t<\/div>\n\t\t\t\t<section class=\"elementor-section elementor-inner-section elementor-element elementor-element-b6ab47e elementor-section-boxed elementor-section-height-default elementor-section-height-default\" data-id=\"b6ab47e\" data-element_type=\"section\" data-e-type=\"section\" data-settings=\"{&quot;background_background&quot;:&quot;classic&quot;}\">\n\t\t\t\t\t\t<div class=\"elementor-container elementor-column-gap-default\">\n\t\t\t\t\t<div class=\"aux-parallax-section elementor-column elementor-col-33 elementor-inner-column elementor-element elementor-element-7471cfb\" data-id=\"7471cfb\" data-element_type=\"column\" data-e-type=\"column\">\n\t\t\t<div class=\"elementor-widget-wrap\">\n\t\t\t\t\t\t\t<\/div>\n\t\t<\/div>\n\t\t\t\t<div class=\"aux-parallax-section elementor-column elementor-col-33 elementor-inner-column elementor-element elementor-element-c6d6c77\" data-id=\"c6d6c77\" data-element_type=\"column\" data-e-type=\"column\">\n\t\t\t<div class=\"elementor-widget-wrap elementor-element-populated\">\n\t\t\t\t\t\t<div class=\"elementor-element elementor-element-b6d2866 elementor-widget elementor-widget-text-editor\" data-id=\"b6d2866\" data-element_type=\"widget\" data-e-type=\"widget\" data-widget_type=\"text-editor.default\">\n\t\t\t\t<div class=\"elementor-widget-container\">\n\t\t\t\t\t\t\t\t\t<p>Dr. Abd\u00fclkadir G\u00f6ksel is a renowned Turkish ENT and facial plastic surgeon who treats patients from all around the world. His unique techniques, preservation-focused approach, and naturally beautiful results attract both patients and fellow surgeons, many of whom travel long distances to observe his work. He is highly respected in his field for his exceptional skills and his commitment to providing the highest level of care.<\/p><p>Patients, both local and international, consistently express their gratitude for Dr. G\u00f6ksel\u2019s expertise and compassionate approach. His advanced surgical methods, state-of-the-art technology, and dedication to patient well-being have a lasting, positive impact on those who choose to be treated by him. The many positive reviews and heartfelt testimonials from satisfied patients reflect the quality and consistency of his work.<\/p><p><strong>For Our Celebrity \/ VIP Clients<\/strong><\/p><p>We understand that our Celebrity and VIP clients have unique needs, and our team is experienced in providing discreet, personalised care.<\/p><p>Our staff is well-versed in handling special requests and privacy concerns.<\/p><p>We know that travelling for both a consultation and surgery can be challenging. To make things easier, we\u2019ve created a streamlined process for our long-distance and international patients.<\/p><p>Here\u2019s how it works:<br \/>Make Contact<br \/>To begin, simply contact us by text, phone, WhatsApp, or email.<\/p><p>If you would like a Zoom consultation, please contact our patient coordinators directly so they can schedule a convenient time for you to speak with Dr. G\u00f6ksel.<\/p><p>If you live outside Istanbul or abroad, we kindly ask you to send us:<\/p><p>\u2022 Clear, recent, close-up photos of the facial features where you would like to improve<\/p><p>\u2022 A brief list of all your concerns<\/p><p>\u2022 Information about previous facial surgeries<\/p><p>Please send your photos and information to: <strong>WhatsApp at<\/strong>: <strong><a href=\"https:\/\/web.whatsapp.com\/send?phone=+905443026988\">+90 544 302 69 88<\/a>.<\/strong><\/p><p>to Obtain an Assessment<br \/>After we receive your photos and details:<\/p><p>\u2022 Our patient coordinators will contact you to discuss pre-operative care, pricing, recovery time, local accommodation options, and any other questions you may have about your procedure(s).<\/p><p>\u2022 During your online consultation, Dr. G\u00f6ksel will carefully review your case and see whether you\u2019re a suitable candidate for the procedures you\u2019re interested in. If everything looks good, we\u2019ll then schedule an appointment for your surgery or other procedures.<\/p><p>\u00a0<\/p>\t\t\t\t\t\t\t\t<\/div>\n\t\t\t\t<\/div>\n\t\t\t\t\t<\/div>\n\t\t<\/div>\n\t\t\t\t<div class=\"aux-parallax-section elementor-column elementor-col-33 elementor-inner-column elementor-element elementor-element-da92d05\" data-id=\"da92d05\" data-element_type=\"column\" data-e-type=\"column\">\n\t\t\t<div class=\"elementor-widget-wrap\">\n\t\t\t\t\t\t\t<\/div>\n\t\t<\/div>\n\t\t\t\t\t<\/div>\n\t\t<\/section>\n\t\t\t\t\t<\/div>\n\t\t<\/div>\n\t\t\t\t\t<\/div>\n\t\t<\/section>\n\t\t\t\t<\/div>\n\t\t","protected":false},"excerpt":{"rendered":"<p>VIP SERVICE AND PROCESS WITH DR.GOKSEL Dr. Abd\u00fclkadir G\u00f6ksel is a renowned Turkish ENT and facial plastic surgeon who treats patients from all around the world. His unique techniques, preservation-focused approach, and naturally beautiful results attract both patients and fellow surgeons, many of whom travel long distances to observe his work. He is highly respected [&hellip;]<\/p>\n","protected":false},"author":3,"featured_media":0,"parent":0,"menu_order":0,"comment_status":"closed","ping_status":"closed","template":"templates\/page-builder-content.php","meta":{"footnotes":""},"class_list":["post-3531","page","type-page","status-publish","hentry"],"yoast_head":"<!-- This site is optimized with the Yoast SEO plugin v27.2 - https:\/\/yoast.com\/product\/yoast-seo-wordpress\/ -->\n<title>VIP SERVICE - Op. Dr. Abd\u00fclkadir G\u00f6ksel - Nose Aesthetics<\/title>\n<meta name=\"robots\" content=\"index, follow, max-snippet:-1, max-image-preview:large, max-video-preview:-1\" \/>\n<link rel=\"canonical\" href=\"https:\/\/drgoksel.com\/eng\/vip-service\/\" \/>\n<meta property=\"og:locale\" content=\"en_US\" \/>\n<meta property=\"og:type\" content=\"article\" \/>\n<meta property=\"og:title\" content=\"VIP SERVICE - Op. Dr. Abd\u00fclkadir G\u00f6ksel - Nose Aesthetics\" \/>\n<meta property=\"og:description\" content=\"VIP SERVICE AND PROCESS WITH DR.GOKSEL Dr. Abd\u00fclkadir G\u00f6ksel is a renowned Turkish ENT and facial plastic surgeon who treats patients from all around the world. His unique techniques, preservation-focused approach, and naturally beautiful results attract both patients and fellow surgeons, many of whom travel long distances to observe his work. He is highly respected [&hellip;]\" \/>\n<meta property=\"og:url\" content=\"https:\/\/drgoksel.com\/eng\/vip-service\/\" \/>\n<meta property=\"og:site_name\" content=\"Op. Dr. Abd\u00fclkadir G\u00f6ksel - Nose Aesthetics\" \/>\n<meta property=\"article:publisher\" content=\"http:\/\/www.facebook.com\/op.dr.a.Goksel\" \/>\n<meta property=\"article:modified_time\" content=\"2026-03-25T18:16:23+00:00\" \/>\n<meta property=\"og:image\" content=\"https:\/\/drgoksel.com\/eng\/wp-content\/uploads\/2023\/01\/cropped-dr_abdulkadir_goksel-apple_logos-removebg-preview.png\" \/>\n\t<meta property=\"og:image:width\" content=\"512\" \/>\n\t<meta property=\"og:image:height\" content=\"512\" \/>\n\t<meta property=\"og:image:type\" content=\"image\/png\" \/>\n<meta name=\"twitter:card\" content=\"summary_large_image\" \/>\n<meta name=\"twitter:site\" content=\"@akgoksel\" \/>\n<meta name=\"twitter:label1\" content=\"Est. reading time\" \/>\n\t<meta name=\"twitter:data1\" content=\"2 minutes\" \/>\n<script type=\"application\/ld+json\" class=\"yoast-schema-graph\">{\"@context\":\"https:\/\/schema.org\",\"@graph\":[{\"@type\":\"WebPage\",\"@id\":\"https:\/\/drgoksel.com\/eng\/vip-service\/\",\"url\":\"https:\/\/drgoksel.com\/eng\/vip-service\/\",\"name\":\"VIP SERVICE - Op. Dr. Abd\u00fclkadir G\u00f6ksel - Nose Aesthetics\",\"isPartOf\":{\"@id\":\"https:\/\/drgoksel.com\/eng\/#website\"},\"datePublished\":\"2023-01-16T14:40:09+00:00\",\"dateModified\":\"2026-03-25T18:16:23+00:00\",\"breadcrumb\":{\"@id\":\"https:\/\/drgoksel.com\/eng\/vip-service\/#breadcrumb\"},\"inLanguage\":\"en-US\",\"potentialAction\":[{\"@type\":\"ReadAction\",\"target\":[\"https:\/\/drgoksel.com\/eng\/vip-service\/\"]}]},{\"@type\":\"BreadcrumbList\",\"@id\":\"https:\/\/drgoksel.com\/eng\/vip-service\/#breadcrumb\",\"itemListElement\":[{\"@type\":\"ListItem\",\"position\":1,\"name\":\"Home\",\"item\":\"https:\/\/drgoksel.com\/eng\/\"},{\"@type\":\"ListItem\",\"position\":2,\"name\":\"VIP SERVICE\"}]},{\"@type\":\"WebSite\",\"@id\":\"https:\/\/drgoksel.com\/eng\/#website\",\"url\":\"https:\/\/drgoksel.com\/eng\/\",\"name\":\"Op. Dr. Abd\u00fclkadir G\u00f6ksel - Nose Aesthetics\",\"description\":\"Nose Aesthetics\",\"publisher\":{\"@id\":\"https:\/\/drgoksel.com\/eng\/#organization\"},\"alternateName\":\"Nose Aesthetics\",\"potentialAction\":[{\"@type\":\"SearchAction\",\"target\":{\"@type\":\"EntryPoint\",\"urlTemplate\":\"https:\/\/drgoksel.com\/eng\/?s={search_term_string}\"},\"query-input\":{\"@type\":\"PropertyValueSpecification\",\"valueRequired\":true,\"valueName\":\"search_term_string\"}}],\"inLanguage\":\"en-US\"},{\"@type\":\"Organization\",\"@id\":\"https:\/\/drgoksel.com\/eng\/#organization\",\"name\":\"Op. Dr. Abd\u00fclkadir G\u00f6ksel - Nose Aesthetics\",\"alternateName\":\"Rhinoplasty Surgeon in Istanbul Turkey\",\"url\":\"https:\/\/drgoksel.com\/eng\/\",\"logo\":{\"@type\":\"ImageObject\",\"inLanguage\":\"en-US\",\"@id\":\"https:\/\/drgoksel.com\/eng\/#\/schema\/logo\/image\/\",\"url\":\"https:\/\/drgoksel.com\/eng\/wp-content\/uploads\/2023\/01\/cropped-dr_abdulkadir_goksel-apple_logos-removebg-preview.png\",\"contentUrl\":\"https:\/\/drgoksel.com\/eng\/wp-content\/uploads\/2023\/01\/cropped-dr_abdulkadir_goksel-apple_logos-removebg-preview.png\",\"width\":512,\"height\":512,\"caption\":\"Op. Dr. Abd\u00fclkadir G\u00f6ksel - Nose Aesthetics\"},\"image\":{\"@id\":\"https:\/\/drgoksel.com\/eng\/#\/schema\/logo\/image\/\"},\"sameAs\":[\"http:\/\/www.facebook.com\/op.dr.a.Goksel\",\"https:\/\/x.com\/akgoksel\",\"https:\/\/instagram.com\/rinoistanbul\",\"https:\/\/www.youtube.com\/channel\/UCKkTC24CnqiZg8XIQ3yzUHQ\"]}]}<\/script>\n<!-- \/ Yoast SEO plugin. -->","yoast_head_json":{"title":"VIP SERVICE - Op. Dr. Abd\u00fclkadir G\u00f6ksel - Nose Aesthetics","robots":{"index":"index","follow":"follow","max-snippet":"max-snippet:-1","max-image-preview":"max-image-preview:large","max-video-preview":"max-video-preview:-1"},"canonical":"https:\/\/drgoksel.com\/eng\/vip-service\/","og_locale":"en_US","og_type":"article","og_title":"VIP SERVICE - Op. Dr. Abd\u00fclkadir G\u00f6ksel - Nose Aesthetics","og_description":"VIP SERVICE AND PROCESS WITH DR.GOKSEL Dr. Abd\u00fclkadir G\u00f6ksel is a renowned Turkish ENT and facial plastic surgeon who treats patients from all around the world. His unique techniques, preservation-focused approach, and naturally beautiful results attract both patients and fellow surgeons, many of whom travel long distances to observe his work. He is highly respected [&hellip;]","og_url":"https:\/\/drgoksel.com\/eng\/vip-service\/","og_site_name":"Op. Dr. Abd\u00fclkadir G\u00f6ksel - Nose Aesthetics","article_publisher":"http:\/\/www.facebook.com\/op.dr.a.Goksel","article_modified_time":"2026-03-25T18:16:23+00:00","og_image":[{"width":512,"height":512,"url":"https:\/\/drgoksel.com\/eng\/wp-content\/uploads\/2023\/01\/cropped-dr_abdulkadir_goksel-apple_logos-removebg-preview.png","type":"image\/png"}],"twitter_card":"summary_large_image","twitter_site":"@akgoksel","twitter_misc":{"Est. reading time":"2 minutes"},"schema":{"@context":"https:\/\/schema.org","@graph":[{"@type":"WebPage","@id":"https:\/\/drgoksel.com\/eng\/vip-service\/","url":"https:\/\/drgoksel.com\/eng\/vip-service\/","name":"VIP SERVICE - Op. Dr. Abd\u00fclkadir G\u00f6ksel - Nose Aesthetics","isPartOf":{"@id":"https:\/\/drgoksel.com\/eng\/#website"},"datePublished":"2023-01-16T14:40:09+00:00","dateModified":"2026-03-25T18:16:23+00:00","breadcrumb":{"@id":"https:\/\/drgoksel.com\/eng\/vip-service\/#breadcrumb"},"inLanguage":"en-US","potentialAction":[{"@type":"ReadAction","target":["https:\/\/drgoksel.com\/eng\/vip-service\/"]}]},{"@type":"BreadcrumbList","@id":"https:\/\/drgoksel.com\/eng\/vip-service\/#breadcrumb","itemListElement":[{"@type":"ListItem","position":1,"name":"Home","item":"https:\/\/drgoksel.com\/eng\/"},{"@type":"ListItem","position":2,"name":"VIP SERVICE"}]},{"@type":"WebSite","@id":"https:\/\/drgoksel.com\/eng\/#website","url":"https:\/\/drgoksel.com\/eng\/","name":"Op. Dr. Abd\u00fclkadir G\u00f6ksel - Nose Aesthetics","description":"Nose Aesthetics","publisher":{"@id":"https:\/\/drgoksel.com\/eng\/#organization"},"alternateName":"Nose Aesthetics","potentialAction":[{"@type":"SearchAction","target":{"@type":"EntryPoint","urlTemplate":"https:\/\/drgoksel.com\/eng\/?s={search_term_string}"},"query-input":{"@type":"PropertyValueSpecification","valueRequired":true,"valueName":"search_term_string"}}],"inLanguage":"en-US"},{"@type":"Organization","@id":"https:\/\/drgoksel.com\/eng\/#organization","name":"Op. Dr. Abd\u00fclkadir G\u00f6ksel - Nose Aesthetics","alternateName":"Rhinoplasty Surgeon in Istanbul Turkey","url":"https:\/\/drgoksel.com\/eng\/","logo":{"@type":"ImageObject","inLanguage":"en-US","@id":"https:\/\/drgoksel.com\/eng\/#\/schema\/logo\/image\/","url":"https:\/\/drgoksel.com\/eng\/wp-content\/uploads\/2023\/01\/cropped-dr_abdulkadir_goksel-apple_logos-removebg-preview.png","contentUrl":"https:\/\/drgoksel.com\/eng\/wp-content\/uploads\/2023\/01\/cropped-dr_abdulkadir_goksel-apple_logos-removebg-preview.png","width":512,"height":512,"caption":"Op. Dr. Abd\u00fclkadir G\u00f6ksel - Nose Aesthetics"},"image":{"@id":"https:\/\/drgoksel.com\/eng\/#\/schema\/logo\/image\/"},"sameAs":["http:\/\/www.facebook.com\/op.dr.a.Goksel","https:\/\/x.com\/akgoksel","https:\/\/instagram.com\/rinoistanbul","https:\/\/www.youtube.com\/channel\/UCKkTC24CnqiZg8XIQ3yzUHQ"]}]}},"_links":{"self":[{"href":"https:\/\/drgoksel.com\/eng\/wp-json\/wp\/v2\/pages\/3531","targetHints":{"allow":["GET"]}}],"collection":[{"href":"https:\/\/drgoksel.com\/eng\/wp-json\/wp\/v2\/pages"}],"about":[{"href":"https:\/\/drgoksel.com\/eng\/wp-json\/wp\/v2\/types\/page"}],"author":[{"embeddable":true,"href":"https:\/\/drgoksel.com\/eng\/wp-json\/wp\/v2\/users\/3"}],"replies":[{"embeddable":true,"href":"https:\/\/drgoksel.com\/eng\/wp-json\/wp\/v2\/comments?post=3531"}],"version-history":[{"count":6,"href":"https:\/\/drgoksel.com\/eng\/wp-json\/wp\/v2\/pages\/3531\/revisions"}],"predecessor-version":[{"id":6279,"href":"https:\/\/drgoksel.com\/eng\/wp-json\/wp\/v2\/pages\/3531\/revisions\/6279"}],"wp:attachment":[{"href":"https:\/\/drgoksel.com\/eng\/wp-json\/wp\/v2\/media?parent=3531"}],"curies":[{"name":"wp","href":"https:\/\/api.w.org\/{rel}","templated":true}]}}